{"id":126,"date":"2018-11-26T12:45:57","date_gmt":"2018-11-26T12:45:57","guid":{"rendered":"https:\/\/dispuutdraft.nl\/?page_id=126"},"modified":"2024-02-04T11:42:40","modified_gmt":"2024-02-04T11:42:40","slug":"about","status":"publish","type":"page","link":"https:\/\/dispuutdraft.nl\/?page_id=126","title":{"rendered":"Over ons"},"content":{"rendered":"\t\t<div data-elementor-type=\"wp-post\" data-elementor-id=\"126\" class=\"elementor elementor-126\" data-elementor-settings=\"[]\">\n\t\t\t\t\t\t\t<div class=\"elementor-section-wrap\">\n\t\t\t\t\t\t\t<section class=\"elementor-section elementor-top-section elementor-element elementor-element-688ad38 elementor-section-content-middle elementor-section-height-min-height elementor-section-boxed elementor-section-height-default elementor-section-items-middle\" data-id=\"688ad38\" data-element_type=\"section\" data-settings=\"{&quot;background_background&quot;:&quot;classic&quot;}\">\n\t\t\t\t\t\t\t<div class=\"elementor-background-overlay\"><\/div>\n\t\t\t\t\t\t\t<div class=\"elementor-container elementor-column-gap-no\">\n\t\t\t\t\t<div class=\"elementor-column elementor-col-100 elementor-top-column elementor-element elementor-element-148e58a\" data-id=\"148e58a\" data-element_type=\"column\">\n\t\t\t<div class=\"elementor-widget-wrap elementor-element-populated\">\n\t\t\t\t\t\t\t\t<div class=\"elementor-element elementor-element-d915ffa elementor-widget elementor-widget-heading\" data-id=\"d915ffa\" data-element_type=\"widget\" data-widget_type=\"heading.default\">\n\t\t\t\t<div class=\"elementor-widget-container\">\n\t\t\t<h1 class=\"elementor-heading-title elementor-size-default\">Over ons<\/h1>\t\t<\/div>\n\t\t\t\t<\/div>\n\t\t\t\t\t<\/div>\n\t\t<\/div>\n\t\t\t\t\t\t\t<\/div>\n\t\t<\/section>\n\t\t\t\t<section class=\"elementor-section elementor-top-section elementor-element elementor-element-9fea860 elementor-section-boxed elementor-section-height-default elementor-section-height-default\" data-id=\"9fea860\" data-element_type=\"section\" data-settings=\"{&quot;background_background&quot;:&quot;classic&quot;}\">\n\t\t\t\t\t\t<div class=\"elementor-container elementor-column-gap-default\">\n\t\t\t\t\t<div class=\"elementor-column elementor-col-50 elementor-top-column elementor-element elementor-element-63075c2\" data-id=\"63075c2\" data-element_type=\"column\">\n\t\t\t<div class=\"elementor-widget-wrap elementor-element-populated\">\n\t\t\t\t\t\t\t\t<div class=\"elementor-element elementor-element-b55573d elementor-widget elementor-widget-spacer\" data-id=\"b55573d\" data-element_type=\"widget\" data-widget_type=\"spacer.default\">\n\t\t\t\t<div class=\"elementor-widget-container\">\n\t\t\t\t\t<div class=\"elementor-spacer\">\n\t\t\t<div class=\"elementor-spacer-inner\"><\/div>\n\t\t<\/div>\n\t\t\t\t<\/div>\n\t\t\t\t<\/div>\n\t\t\t\t<div class=\"elementor-element elementor-element-eee63fb elementor-widget elementor-widget-heading\" data-id=\"eee63fb\" data-element_type=\"widget\" data-widget_type=\"heading.default\">\n\t\t\t\t<div class=\"elementor-widget-container\">\n\t\t\t<h2 class=\"elementor-heading-title elementor-size-default\">Onze historie<\/h2>\t\t<\/div>\n\t\t\t\t<\/div>\n\t\t\t\t<div class=\"elementor-element elementor-element-9e65a0b elementor-widget elementor-widget-spacer\" data-id=\"9e65a0b\" data-element_type=\"widget\" data-widget_type=\"spacer.default\">\n\t\t\t\t<div class=\"elementor-widget-container\">\n\t\t\t\t\t<div class=\"elementor-spacer\">\n\t\t\t<div class=\"elementor-spacer-inner\"><\/div>\n\t\t<\/div>\n\t\t\t\t<\/div>\n\t\t\t\t<\/div>\n\t\t\t\t<div class=\"elementor-element elementor-element-051ce97 elementor-widget elementor-widget-text-editor\" data-id=\"051ce97\" data-element_type=\"widget\" data-widget_type=\"text-editor.default\">\n\t\t\t\t<div class=\"elementor-widget-container\">\n\t\t\t\t\t\t\t\t<p>In den prille beginne was er een groep van tien jonge jongens. Allemaal nog fris en onbezonnen. Zij waren eerstejaars leden van A.U.S.R. ORCA te Utrecht. Op het introductiekamp en tijdens de daaropvolgende afroeiperiode van 2012 leerden zij elkaar kennen. Hierna werd het natuurlijk tijd om zelf roeiploegen te vormen.<br \/>Na meerdere \u201cvergaderingen\u201d in Mick O\u2019Connels kwamen ze tot de conclusie dat tien man wel erg veel was voor \u00e9\u00e9n ploeg. Het besluit werd gemaakt om twee ploegen te vormen. \u00c9\u00e9n ploeg die hard ging roeien en \u00e9\u00e9n ploeg die vooral naar gezelligheid zou streven. De ploegen werden gedoopt tot DRAFT Premium (het waren premium klasse roeiers) en DRAFT Karakter (want zij zouden over meer karakter beschikken).<\/p><p>Toch werd er toen ook weer een probleem gevonden: de twee ploegen bestonden ieder uit slechts vijf man, voor een roeiploeg zeer weinig. De zoektocht naar de twee laatste leden ging van start.\u00a0 Na een prachtige kroegentocht werden de twee uitverkorenen gevonden! Het seizoen kon van start gaan.<\/p>\t\t\t\t\t\t<\/div>\n\t\t\t\t<\/div>\n\t\t\t\t\t<\/div>\n\t\t<\/div>\n\t\t\t\t<div class=\"elementor-column elementor-col-50 elementor-top-column elementor-element elementor-element-57be0d5\" data-id=\"57be0d5\" data-element_type=\"column\">\n\t\t\t<div class=\"elementor-widget-wrap elementor-element-populated\">\n\t\t\t\t\t\t\t\t<div class=\"elementor-element elementor-element-f88f4f1 elementor-widget elementor-widget-spacer\" data-id=\"f88f4f1\" data-element_type=\"widget\" data-widget_type=\"spacer.default\">\n\t\t\t\t<div class=\"elementor-widget-container\">\n\t\t\t\t\t<div class=\"elementor-spacer\">\n\t\t\t<div class=\"elementor-spacer-inner\"><\/div>\n\t\t<\/div>\n\t\t\t\t<\/div>\n\t\t\t\t<\/div>\n\t\t\t\t<div class=\"elementor-element elementor-element-666d028 elementor-invisible elementor-widget elementor-widget-image\" data-id=\"666d028\" data-element_type=\"widget\" data-settings=\"{&quot;_animation&quot;:&quot;slideInRight&quot;}\" data-widget_type=\"image.default\">\n\t\t\t\t<div class=\"elementor-widget-container\">\n\t\t\t\t\t\t\t\t\t\t\t\t\t\t\t<img width=\"551\" height=\"551\" src=\"https:\/\/dispuutdraft.nl\/wp-content\/uploads\/2021\/04\/Oude-twaalf.png\" class=\"attachment-large size-large\" alt=\"\" loading=\"lazy\" srcset=\"https:\/\/dispuutdraft.nl\/wp-content\/uploads\/2021\/04\/Oude-twaalf.png 551w, https:\/\/dispuutdraft.nl\/wp-content\/uploads\/2021\/04\/Oude-twaalf-300x300.png 300w, https:\/\/dispuutdraft.nl\/wp-content\/uploads\/2021\/04\/Oude-twaalf-150x150.png 150w\" sizes=\"(max-width: 551px) 100vw, 551px\" \/>\t\t\t\t\t\t\t\t\t\t\t\t\t\t\t<\/div>\n\t\t\t\t<\/div>\n\t\t\t\t\t<\/div>\n\t\t<\/div>\n\t\t\t\t\t\t\t<\/div>\n\t\t<\/section>\n\t\t\t\t<section class=\"elementor-section elementor-top-section elementor-element elementor-element-819bf33 elementor-section-boxed elementor-section-height-default elementor-section-height-default\" data-id=\"819bf33\" data-element_type=\"section\">\n\t\t\t\t\t\t<div class=\"elementor-container elementor-column-gap-default\">\n\t\t\t\t\t<div class=\"elementor-column elementor-col-100 elementor-top-column elementor-element elementor-element-c870e5f\" data-id=\"c870e5f\" data-element_type=\"column\">\n\t\t\t<div class=\"elementor-widget-wrap elementor-element-populated\">\n\t\t\t\t\t\t\t\t<div class=\"elementor-element elementor-element-2c056db elementor-widget elementor-widget-spacer\" data-id=\"2c056db\" data-element_type=\"widget\" data-widget_type=\"spacer.default\">\n\t\t\t\t<div class=\"elementor-widget-container\">\n\t\t\t\t\t<div class=\"elementor-spacer\">\n\t\t\t<div class=\"elementor-spacer-inner\"><\/div>\n\t\t<\/div>\n\t\t\t\t<\/div>\n\t\t\t\t<\/div>\n\t\t\t\t<div class=\"elementor-element elementor-element-81a30bc elementor-widget elementor-widget-heading\" data-id=\"81a30bc\" data-element_type=\"widget\" data-widget_type=\"heading.default\">\n\t\t\t\t<div class=\"elementor-widget-container\">\n\t\t\t<h2 class=\"elementor-heading-title elementor-size-default\">\"<i>10 zware jongens, allemaal fris en onbezonnen.\"<\/i><\/h2>\t\t<\/div>\n\t\t\t\t<\/div>\n\t\t\t\t<div class=\"elementor-element elementor-element-0e64507 elementor-widget elementor-widget-spacer\" data-id=\"0e64507\" data-element_type=\"widget\" data-widget_type=\"spacer.default\">\n\t\t\t\t<div class=\"elementor-widget-container\">\n\t\t\t\t\t<div class=\"elementor-spacer\">\n\t\t\t<div class=\"elementor-spacer-inner\"><\/div>\n\t\t<\/div>\n\t\t\t\t<\/div>\n\t\t\t\t<\/div>\n\t\t\t\t\t<\/div>\n\t\t<\/div>\n\t\t\t\t\t\t\t<\/div>\n\t\t<\/section>\n\t\t\t\t<section class=\"elementor-section elementor-top-section elementor-element elementor-element-0ce9704 elementor-section-boxed elementor-section-height-default elementor-section-height-default\" data-id=\"0ce9704\" data-element_type=\"section\">\n\t\t\t\t\t\t<div class=\"elementor-container elementor-column-gap-default\">\n\t\t\t\t\t<div class=\"elementor-column elementor-col-50 elementor-top-column elementor-element elementor-element-f36341b\" data-id=\"f36341b\" data-element_type=\"column\">\n\t\t\t<div class=\"elementor-widget-wrap elementor-element-populated\">\n\t\t\t\t\t\t\t\t<div class=\"elementor-element elementor-element-c72e088 elementor-widget elementor-widget-spacer\" data-id=\"c72e088\" data-element_type=\"widget\" data-widget_type=\"spacer.default\">\n\t\t\t\t<div class=\"elementor-widget-container\">\n\t\t\t\t\t<div class=\"elementor-spacer\">\n\t\t\t<div class=\"elementor-spacer-inner\"><\/div>\n\t\t<\/div>\n\t\t\t\t<\/div>\n\t\t\t\t<\/div>\n\t\t\t\t<div class=\"elementor-element elementor-element-f133f3f elementor-invisible elementor-widget elementor-widget-image\" data-id=\"f133f3f\" data-element_type=\"widget\" data-settings=\"{&quot;_animation&quot;:&quot;slideInLeft&quot;}\" data-widget_type=\"image.default\">\n\t\t\t\t<div class=\"elementor-widget-container\">\n\t\t\t\t\t\t\t\t\t\t\t\t\t\t\t<img width=\"768\" height=\"768\" src=\"https:\/\/dispuutdraft.nl\/wp-content\/uploads\/2021\/04\/Bordeaux-dassen.png\" class=\"attachment-large size-large\" alt=\"\" loading=\"lazy\" srcset=\"https:\/\/dispuutdraft.nl\/wp-content\/uploads\/2021\/04\/Bordeaux-dassen.png 768w, https:\/\/dispuutdraft.nl\/wp-content\/uploads\/2021\/04\/Bordeaux-dassen-300x300.png 300w, https:\/\/dispuutdraft.nl\/wp-content\/uploads\/2021\/04\/Bordeaux-dassen-150x150.png 150w\" sizes=\"(max-width: 768px) 100vw, 768px\" \/>\t\t\t\t\t\t\t\t\t\t\t\t\t\t\t<\/div>\n\t\t\t\t<\/div>\n\t\t\t\t\t<\/div>\n\t\t<\/div>\n\t\t\t\t<div class=\"elementor-column elementor-col-50 elementor-top-column elementor-element elementor-element-c420be7\" data-id=\"c420be7\" data-element_type=\"column\">\n\t\t\t<div class=\"elementor-widget-wrap elementor-element-populated\">\n\t\t\t\t\t\t\t\t<div class=\"elementor-element elementor-element-5309d6e elementor-widget elementor-widget-spacer\" data-id=\"5309d6e\" data-element_type=\"widget\" data-widget_type=\"spacer.default\">\n\t\t\t\t<div class=\"elementor-widget-container\">\n\t\t\t\t\t<div class=\"elementor-spacer\">\n\t\t\t<div class=\"elementor-spacer-inner\"><\/div>\n\t\t<\/div>\n\t\t\t\t<\/div>\n\t\t\t\t<\/div>\n\t\t\t\t<div class=\"elementor-element elementor-element-bf7d8b2 elementor-widget elementor-widget-text-editor\" data-id=\"bf7d8b2\" data-element_type=\"widget\" data-widget_type=\"text-editor.default\">\n\t\t\t\t<div class=\"elementor-widget-container\">\n\t\t\t\t\t\t\t\t<p>De twee ploegen leefden naar hun originele doelen op. Premium presteerde goed en belandde in de finale van Poule B van de NOOC bokaal. Karakter daarentegen deed het iets minder op wedstrijden, maar bleef altijd gezellig!<\/p>\t\t\t\t\t\t<\/div>\n\t\t\t\t<\/div>\n\t\t\t\t<div class=\"elementor-element elementor-element-a7121bf elementor-widget elementor-widget-spacer\" data-id=\"a7121bf\" data-element_type=\"widget\" data-widget_type=\"spacer.default\">\n\t\t\t\t<div class=\"elementor-widget-container\">\n\t\t\t\t\t<div class=\"elementor-spacer\">\n\t\t\t<div class=\"elementor-spacer-inner\"><\/div>\n\t\t<\/div>\n\t\t\t\t<\/div>\n\t\t\t\t<\/div>\n\t\t\t\t<div class=\"elementor-element elementor-element-61ad038 elementor-widget elementor-widget-heading\" data-id=\"61ad038\" data-element_type=\"widget\" data-widget_type=\"heading.default\">\n\t\t\t\t<div class=\"elementor-widget-container\">\n\t\t\t<h2 class=\"elementor-heading-title elementor-size-default\"><i>\"21 mei 2014\"<\/i><\/h2>\t\t<\/div>\n\t\t\t\t<\/div>\n\t\t\t\t<div class=\"elementor-element elementor-element-00db19b elementor-widget elementor-widget-spacer\" data-id=\"00db19b\" data-element_type=\"widget\" data-widget_type=\"spacer.default\">\n\t\t\t\t<div class=\"elementor-widget-container\">\n\t\t\t\t\t<div class=\"elementor-spacer\">\n\t\t\t<div class=\"elementor-spacer-inner\"><\/div>\n\t\t<\/div>\n\t\t\t\t<\/div>\n\t\t\t\t<\/div>\n\t\t\t\t<div class=\"elementor-element elementor-element-e4112de elementor-widget elementor-widget-text-editor\" data-id=\"e4112de\" data-element_type=\"widget\" data-widget_type=\"text-editor.default\">\n\t\t\t\t<div class=\"elementor-widget-container\">\n\t\t\t\t\t\t\t\t<p>Toen het seizoen voorbij was, begon de zomer en bijbehorende vakantie. Dit betekende alleen maar dat er meer tijd was om samen te feesten en barbecue\u00ebn. In deze periode werden de twee teams samengevoegd tot \u00e9\u00e9n grote groep en werden de eerste stappen gezet om een dispuut op te richten. Gedurende die zomer in 2013 is er een bestuur aangesteld en werd er een verzoek gestuurd naar het bestuur van A.U.S.R. ORCA met de vraag of Heerendispuut DRAFT opgericht kon worden.\u00a0<\/p>\t\t\t\t\t\t<\/div>\n\t\t\t\t<\/div>\n\t\t\t\t\t<\/div>\n\t\t<\/div>\n\t\t\t\t\t\t\t<\/div>\n\t\t<\/section>\n\t\t\t\t<section class=\"elementor-section elementor-top-section elementor-element elementor-element-f9c786b elementor-section-boxed elementor-section-height-default elementor-section-height-default\" data-id=\"f9c786b\" data-element_type=\"section\">\n\t\t\t\t\t\t<div class=\"elementor-container elementor-column-gap-default\">\n\t\t\t\t\t<div class=\"elementor-column elementor-col-50 elementor-top-column elementor-element elementor-element-fe3afd4\" data-id=\"fe3afd4\" data-element_type=\"column\">\n\t\t\t<div class=\"elementor-widget-wrap elementor-element-populated\">\n\t\t\t\t\t\t\t\t<div class=\"elementor-element elementor-element-52607f5 elementor-widget elementor-widget-spacer\" data-id=\"52607f5\" data-element_type=\"widget\" data-widget_type=\"spacer.default\">\n\t\t\t\t<div class=\"elementor-widget-container\">\n\t\t\t\t\t<div class=\"elementor-spacer\">\n\t\t\t<div class=\"elementor-spacer-inner\"><\/div>\n\t\t<\/div>\n\t\t\t\t<\/div>\n\t\t\t\t<\/div>\n\t\t\t\t<div class=\"elementor-element elementor-element-5554357 elementor-widget elementor-widget-text-editor\" data-id=\"5554357\" data-element_type=\"widget\" data-widget_type=\"text-editor.default\">\n\t\t\t\t<div class=\"elementor-widget-container\">\n\t\t\t\t\t\t\t\t<p>Op 21 mei 2014 is Heerendispuut DRAFT officieel ingehuldigd als dispuut van A.U.S.R. ORCA. Het dispuut bestond op dat moment uit twee jaarlagen en in totaal uit zeventien leden. Sinds die dagen zijn wij gestaag gegroeid, heeft\u00a0 het dispuut haar tweede lustrum reeds ervaren en hebben wij ook een groot tal leden afgezwaaid en verwelkomd in het re\u00fcnistschap. Wij bestaan op dit moment uit elf jaarlagen en alle vlakken van Orca zijn bij ons vertegenwoordigd, van wedstrijdroeiers tot borrelende leden. Nog iedere donderdag komen wij samen op Orca voor de gezelligheid van een drankje. Wij doen natuurlijk een hoop samen (zowel op Orca als daarbuiten).<\/p>\t\t\t\t\t\t<\/div>\n\t\t\t\t<\/div>\n\t\t\t\t<div class=\"elementor-element elementor-element-0e882b4 elementor-widget elementor-widget-spacer\" data-id=\"0e882b4\" data-element_type=\"widget\" data-widget_type=\"spacer.default\">\n\t\t\t\t<div class=\"elementor-widget-container\">\n\t\t\t\t\t<div class=\"elementor-spacer\">\n\t\t\t<div class=\"elementor-spacer-inner\"><\/div>\n\t\t<\/div>\n\t\t\t\t<\/div>\n\t\t\t\t<\/div>\n\t\t\t\t\t<\/div>\n\t\t<\/div>\n\t\t\t\t<div class=\"elementor-column elementor-col-50 elementor-top-column elementor-element elementor-element-641230c\" data-id=\"641230c\" data-element_type=\"column\">\n\t\t\t<div class=\"elementor-widget-wrap elementor-element-populated\">\n\t\t\t\t\t\t\t\t<div class=\"elementor-element elementor-element-644fbad elementor-widget elementor-widget-spacer\" data-id=\"644fbad\" data-element_type=\"widget\" data-widget_type=\"spacer.default\">\n\t\t\t\t<div class=\"elementor-widget-container\">\n\t\t\t\t\t<div class=\"elementor-spacer\">\n\t\t\t<div class=\"elementor-spacer-inner\"><\/div>\n\t\t<\/div>\n\t\t\t\t<\/div>\n\t\t\t\t<\/div>\n\t\t\t\t<div class=\"elementor-element elementor-element-ab2408a elementor-widget elementor-widget-image\" data-id=\"ab2408a\" data-element_type=\"widget\" data-widget_type=\"image.default\">\n\t\t\t\t<div class=\"elementor-widget-container\">\n\t\t\t\t\t\t\t\t\t\t\t\t\t\t\t<img width=\"300\" height=\"262\" src=\"https:\/\/dispuutdraft.nl\/wp-content\/uploads\/2021\/04\/20201220_draft_logo_svg-300x262.png\" class=\"attachment-medium size-medium\" alt=\"\" loading=\"lazy\" srcset=\"https:\/\/dispuutdraft.nl\/wp-content\/uploads\/2021\/04\/20201220_draft_logo_svg-300x262.png 300w, https:\/\/dispuutdraft.nl\/wp-content\/uploads\/2021\/04\/20201220_draft_logo_svg-1024x895.png 1024w, https:\/\/dispuutdraft.nl\/wp-content\/uploads\/2021\/04\/20201220_draft_logo_svg-768x671.png 768w, https:\/\/dispuutdraft.nl\/wp-content\/uploads\/2021\/04\/20201220_draft_logo_svg-1536x1343.png 1536w, https:\/\/dispuutdraft.nl\/wp-content\/uploads\/2021\/04\/20201220_draft_logo_svg-2048x1791.png 2048w\" sizes=\"(max-width: 300px) 100vw, 300px\" \/>\t\t\t\t\t\t\t\t\t\t\t\t\t\t\t<\/div>\n\t\t\t\t<\/div>\n\t\t\t\t<div class=\"elementor-element elementor-element-2b2d348 elementor-widget elementor-widget-spacer\" data-id=\"2b2d348\" data-element_type=\"widget\" data-widget_type=\"spacer.default\">\n\t\t\t\t<div class=\"elementor-widget-container\">\n\t\t\t\t\t<div class=\"elementor-spacer\">\n\t\t\t<div class=\"elementor-spacer-inner\"><\/div>\n\t\t<\/div>\n\t\t\t\t<\/div>\n\t\t\t\t<\/div>\n\t\t\t\t\t<\/div>\n\t\t<\/div>\n\t\t\t\t\t\t\t<\/div>\n\t\t<\/section>\n\t\t\t\t\t\t<\/div>\n\t\t\t\t\t<\/div>\n\t\t","protected":false},"excerpt":{"rendered":"<p>Over ons Onze historie In den prille beginne was er een groep van tien jonge jongens. Allemaal nog fris en onbezonnen. Zij waren eerstejaars leden van A.U.S.R. ORCA te Utrecht. Op het introductiekamp en tijdens de daaropvolgende afroeiperiode van 2012 leerden zij elkaar kennen. Hierna werd het natuurlijk tijd om zelf roeiploegen te vormen.Na meerdere &hellip;<\/p>\n<p class=\"read-more\"> <a class=\"\" href=\"https:\/\/dispuutdraft.nl\/?page_id=126\"> <span class=\"screen-reader-text\">Over ons<\/span> Lees verder &raquo;<\/a><\/p>\n","protected":false},"author":3,"featured_media":0,"parent":0,"menu_order":0,"comment_status":"closed","ping_status":"closed","template":"","meta":[],"_links":{"self":[{"href":"https:\/\/dispuutdraft.nl\/index.php?rest_route=\/wp\/v2\/pages\/126"}],"collection":[{"href":"https:\/\/dispuutdraft.nl\/index.php?rest_route=\/wp\/v2\/pages"}],"about":[{"href":"https:\/\/dispuutdraft.nl\/index.php?rest_route=\/wp\/v2\/types\/page"}],"author":[{"embeddable":true,"href":"https:\/\/dispuutdraft.nl\/index.php?rest_route=\/wp\/v2\/users\/3"}],"replies":[{"embeddable":true,"href":"https:\/\/dispuutdraft.nl\/index.php?rest_route=%2Fwp%2Fv2%2Fcomments&post=126"}],"version-history":[{"count":117,"href":"https:\/\/dispuutdraft.nl\/index.php?rest_route=\/wp\/v2\/pages\/126\/revisions"}],"predecessor-version":[{"id":1827,"href":"https:\/\/dispuutdraft.nl\/index.php?rest_route=\/wp\/v2\/pages\/126\/revisions\/1827"}],"wp:attachment":[{"href":"https:\/\/dispuutdraft.nl\/index.php?rest_route=%2Fwp%2Fv2%2Fmedia&parent=126"}],"curies":[{"name":"wp","href":"https:\/\/api.w.org\/{rel}","templated":true}]}}